{"id":791,"date":"2014-09-15T15:28:48","date_gmt":"2014-09-15T13:28:48","guid":{"rendered":"http:\/\/muzejtravnik.ba\/en\/web\/?page_id=791"},"modified":"2015-02-03T11:07:45","modified_gmt":"2015-02-03T09:07:45","slug":"zavicajna-knjizevna-zbirka","status":"publish","type":"page","link":"https:\/\/muzejtravnik.ba\/en\/rodna-kuca-ive-andrica\/zavicajna-knjizevna-zbirka\/","title":{"rendered":"Regional Literary Collection"},"content":{"rendered":"<p><span style=\"font-size: 12pt; color: #000000;\">The collection includes more than 60 writers who either by origin or with their works have the Travnik area or, as it is called today, Central Bosnian canton as their subject.<\/span><\/p>\n<h3 style=\"text-align: center;\"><span style=\"font-size: 12pt; color: #000000;\">AUTHORS<\/span><\/h3>\n<table style=\"height: 552px;\" width=\"978\">\n<tbody>\n<tr style=\"height: 250px;\">\n<td style=\"width: 200px; vertical-align: top;\" scope=\"row\">\n<address><span style=\"font-size: 12pt;\"><strong><span style=\"color: #000000;\">ABDAGI\u0106, Bakir<\/span><\/strong><\/span><\/address>\n<address><span style=\"font-size: 12pt;\"><strong><span style=\"color: #000000;\">AGA\u010cEVI\u0106, Rusmir<\/span><\/strong><\/span><\/address>\n<address><span style=\"font-size: 12pt;\"><strong><span style=\"color: #000000;\">ALAUPOVI\u0106, Tugomir<\/span><\/strong><\/span><\/address>\n<address><span style=\"font-size: 12pt;\"><strong><span style=\"color: #000000;\">ALISPAHI\u0106, Alen<\/span><\/strong><\/span><\/address>\n<address><span style=\"font-size: 12pt;\"><strong><span style=\"color: #000000;\">BABI\u0106-\u0110ULVAT, Sanja<\/span><\/strong><\/span><\/address>\n<address><span style=\"font-size: 12pt;\"><strong><span style=\"color: #000000;\">BAVRKA, Vanja<\/span><\/strong><\/span><\/address>\n<address><span style=\"font-size: 12pt;\"><strong><span style=\"color: #000000;\">BAZDULJ, Muharem<\/span><\/strong><\/span><\/address>\n<address><span style=\"font-size: 12pt;\"><strong><span style=\"color: #000000;\">BAZDULJ, Salih<\/span><\/strong><\/span><\/address>\n<address><span style=\"font-size: 12pt;\"><strong><span style=\"color: #000000;\">BAZDULJ-HUBIJAR, Nura<\/span><\/strong><\/span><\/address>\n<address><span style=\"font-size: 12pt;\"><strong><span style=\"color: #000000;\">BORI\u0106, Aras<\/span><\/strong><\/span><\/address>\n<address><span style=\"font-size: 12pt;\"><strong><span style=\"color: #000000;\">\u0106ILI\u0106, \u0110ur\u0111ica<\/span><\/strong><\/span><\/address>\n<address><span style=\"font-size: 12pt;\"><strong><span style=\"color: #000000;\">\u0106UK, Nermin<\/span><\/strong><\/span><\/address>\n<address><span style=\"font-size: 12pt;\"><strong><span style=\"color: #000000;\">\u0106URAK, Ivo<\/span><\/strong><\/span><\/address>\n<address><span style=\"font-size: 12pt;\"><strong><span style=\"color: #000000;\">DESTANOVI\u0106, Mirsada<\/span><\/strong><\/span><\/address>\n<address><span style=\"font-size: 12pt;\"><strong><span style=\"color: #000000;\">ERENRAJH-OSTOJI\u0106, Maksimilijan<\/span><\/strong><\/span><\/address>\n<address><span style=\"font-size: 12pt;\"><strong><span style=\"color: #000000;\">FILIPOVI\u0106, Finka<\/span><\/strong><\/span><\/address>\n<address><span style=\"font-size: 12pt;\"><strong><span style=\"color: #000000;\">FI\u0160I\u0106, Ozrenka<\/span><\/strong><\/span><\/address>\n<address><span style=\"font-size: 12pt;\"><strong><span style=\"color: #000000;\">GAFI\u0106, Mustafa<\/span><\/strong><\/span><\/address>\n<address><span style=\"font-size: 12pt;\"><strong><span style=\"color: #000000;\">GANIBEGOVI\u0106, Aziza<\/span><\/strong><\/span><\/address>\n<address><span style=\"font-size: 12pt;\"><strong><span style=\"color: #000000;\">GAVRI\u0106, Anto<\/span><\/strong><\/span><\/address>\n<address><span style=\"font-size: 12pt;\"><strong><span style=\"color: #000000;\">HAD\u017dIALI\u0106,\u00a0 Sabahudin<\/span><\/strong><\/span><\/address>\n<address><span style=\"font-size: 12pt;\"><strong><span style=\"color: #000000;\">HERCEG, Aida<\/span><\/strong><\/span><\/address>\n<address><span style=\"font-size: 12pt;\"><strong><span style=\"color: #000000;\">JAK\u0160I\u0106, Ante<\/span><\/strong><\/span><\/address>\n<address><span style=\"font-size: 12pt;\"><strong><span style=\"color: #000000;\">KARAJKO, Ajla<\/span><\/strong><\/span><\/address>\n<address><span style=\"font-size: 12pt;\"><strong><span style=\"color: #000000;\">KOCAJ, \u017deljko<\/span><\/strong><\/span><\/address>\n<address>\u00a0<\/address>\n<\/td>\n<td style=\"width: 200px; vertical-align: top;\" scope=\"row\">\n<address><span style=\"font-size: 12pt;\"><strong><span style=\"color: #000000;\">KRAJI\u0160NIK, Tereza<\/span><\/strong><\/span><\/address>\n<address><span style=\"font-size: 12pt;\"><strong><span style=\"color: #000000;\">KRAMAR, Ivan<\/span><\/strong><\/span><\/address>\n<address><span style=\"font-size: 12pt;\"><strong><span style=\"color: #000000;\">KREZI\u0106, Nikola Strikan<\/span><\/strong><\/span><\/address>\n<address><span style=\"font-size: 12pt;\"><strong><span style=\"color: #000000;\">KULENOVI\u0106, Skender<\/span><\/strong><\/span><\/address>\n<address><span style=\"font-size: 12pt;\"><strong><span style=\"color: #000000;\">KULIN, Ajsse<\/span><\/strong><\/span><\/address>\n<address><span style=\"font-size: 12pt;\"><strong><span style=\"color: #000000;\">LALEVI\u0106, D. Ilija<\/span><\/strong><\/span><\/address>\n<address><span style=\"font-size: 12pt;\"><strong><span style=\"color: #000000;\">LISICA, Ismet<\/span><\/strong><\/span><\/address>\n<address><span style=\"font-size: 12pt;\"><strong><span style=\"color: #000000;\">LOVRI\u0106, Suzana<\/span><\/strong><\/span><\/address>\n<address><span style=\"font-size: 12pt;\"><strong><span style=\"color: #000000;\">LU\u010cI\u0106, Franjo<\/span><\/strong><\/span><\/address>\n<address><span style=\"font-size: 12pt;\"><strong><span style=\"color: #000000;\">MALI\u010cEVI\u0106, Alisa<\/span><\/strong><\/span><\/address>\n<address><span style=\"font-size: 12pt;\"><strong><span style=\"color: #000000;\">MALI\u0106BEGOVI\u0106, Mirsad<\/span><\/strong><\/span><\/address>\n<address><span style=\"font-size: 12pt;\"><strong><span style=\"color: #000000;\">MAMELED\u017dIJA, Rabija<\/span><\/strong><\/span><\/address>\n<address><span style=\"font-size: 12pt;\"><strong><span style=\"color: #000000;\">MARI\u0106, Marija<\/span><\/strong><\/span><\/address>\n<address><span style=\"font-size: 12pt;\"><strong><span style=\"color: #000000;\">MARKOVI\u0106, Antonela<\/span><\/strong><\/span><\/address>\n<address><span style=\"font-size: 12pt;\"><strong><span style=\"color: #000000;\">MARKOVI\u0106-\u0160AKI\u0106, Lucija<\/span><\/strong><\/span><\/address>\n<address><span style=\"font-size: 12pt;\"><strong><span style=\"color: #000000;\">MARTINOVI\u0106, Marko<\/span><\/strong><\/span><\/address>\n<address><span style=\"font-size: 12pt;\"><strong><span style=\"color: #000000;\">MIJI\u0106, Pavo<\/span><\/strong><\/span><\/address>\n<address><span style=\"font-size: 12pt;\"><strong><span style=\"color: #000000;\">MILUTINOVI\u0106-\u0106ULAFI\u0106, Dobrica<\/span><\/strong><\/span><\/address>\n<address><span style=\"font-size: 12pt;\"><strong><span style=\"color: #000000;\">MU\u010cIBABI\u0106, Dragan<\/span><\/strong><\/span><\/address>\n<address><span style=\"font-size: 12pt;\"><strong><span style=\"color: #000000;\">NEIMAREVI\u0106, Ante<\/span><\/strong><\/span><\/address>\n<address><span style=\"font-size: 12pt;\"><strong><span style=\"color: #000000;\">NEIMAREVI\u0106, Branko<\/span><\/strong><\/span><\/address>\n<address><span style=\"font-size: 12pt;\"><strong><span style=\"color: #000000;\">PAVLOVI\u0106, Ljubomir<\/span><\/strong><\/span><\/address>\n<address><span style=\"font-size: 12pt;\"><strong><span style=\"color: #000000;\">PAVLOVI\u0106, Smiljan<\/span><\/strong><\/span><\/address>\n<address><span style=\"font-size: 12pt;\"><strong><span style=\"color: #000000;\">POPOVI\u0106, Bo\u017eidar<\/span><\/strong><\/span><\/address>\n<address><span style=\"font-size: 12pt;\"><strong><span style=\"color: #000000;\">POR\u010cA, Ned\u017ela<\/span><\/strong><\/span><\/address>\n<\/td>\n<td style=\"width: 200px; vertical-align: top;\" scope=\"row\">\n<address><span style=\"font-size: 12pt;\"><strong><span style=\"color: #000000;\">REBAC, Lovro<\/span><\/strong><\/span><\/address>\n<address><span style=\"font-size: 12pt;\"><strong><span style=\"color: #000000;\">RE\u0160I\u0106, Asija<\/span><\/strong><\/span><\/address>\n<address><span style=\"font-size: 12pt;\"><strong><span style=\"color: #000000;\">SARI\u0106, Sead<\/span><\/strong><\/span><\/address>\n<address><span style=\"font-size: 12pt;\"><strong><span style=\"color: #000000;\">SELAK, Jelica<\/span><\/strong><\/span><\/address>\n<address><span style=\"font-size: 12pt;\"><strong><span style=\"color: #000000;\">SELMAN, Mehmed<\/span><\/strong><\/span><\/address>\n<address><span style=\"font-size: 12pt;\"><strong><span style=\"color: #000000;\">SLIPAC, Drago<\/span><\/strong><\/span><\/address>\n<address><span style=\"font-size: 12pt;\"><strong><span style=\"color: #000000;\">SMAJI\u0106, Senada<\/span><\/strong><\/span><\/address>\n<address><span style=\"font-size: 12pt;\"><strong><span style=\"color: #000000;\">STANI\u0106, Anto<\/span><\/strong><\/span><\/address>\n<address><span style=\"font-size: 12pt;\"><strong><span style=\"color: #000000;\">SU\u010cI\u0106, Dajana<\/span><\/strong><\/span><\/address>\n<address><span style=\"font-size: 12pt;\"><strong><span style=\"color: #000000;\">SVOBODA, Josip<\/span><\/strong><\/span><\/address>\n<address><span style=\"font-size: 12pt;\"><strong><span style=\"color: #000000;\">\u0160ARI\u0106, Ivica<\/span><\/strong><\/span><\/address>\n<address><span style=\"font-size: 12pt;\"><strong><span style=\"color: #000000;\">\u0160E\u010cI\u0106, Aida<\/span><\/strong><\/span><\/address>\n<address><span style=\"font-size: 12pt;\"><strong><span style=\"color: #000000;\">TAHIROVI\u0106, Samir<\/span><\/strong><\/span><\/address>\n<address><span style=\"font-size: 12pt;\"><strong><span style=\"color: #000000;\">TAHMI\u0160\u010cI\u0106, Husein<\/span><\/strong><\/span><\/address>\n<address><span style=\"font-size: 12pt;\"><strong><span style=\"color: #000000;\">TERZI\u0106, Ajla<\/span><\/strong><\/span><\/address>\n<address><span style=\"font-size: 12pt;\"><strong><span style=\"color: #000000;\">TOPI\u0106, Anka<\/span><\/strong><\/span><\/address>\n<address><span style=\"font-size: 12pt;\"><strong><span style=\"color: #000000;\">TOTI\u0106, Ivo<\/span><\/strong><\/span><\/address>\n<address><span style=\"font-size: 12pt;\"><strong><span style=\"color: #000000;\">VIDOVI\u0106, Ivan<\/span><\/strong><\/span><\/address>\n<address><span style=\"font-size: 12pt;\"><strong><span style=\"color: #000000;\">VOLI\u0106, Bo\u017eena<\/span><\/strong><\/span><\/address>\n<address><span style=\"font-size: 12pt;\"><strong><span style=\"color: #000000;\">VULI\u0106, Vesna<\/span><\/strong><\/span><\/address>\n<address><span style=\"font-size: 12pt;\"><strong><span style=\"color: #000000;\">ZELENIKA, Stjepan<\/span><\/strong><\/span><\/address>\n<address><span style=\"font-size: 12pt;\"><strong><span style=\"color: #000000;\">ZIRDUM, Anto<\/span><\/strong><\/span><\/address>\n<address><span style=\"font-size: 12pt;\"><strong><span style=\"color: #000000;\">ZOLOTA-A\u0160\u010cI\u0106, Azra<\/span><\/strong><\/span><\/address>\n<address><span style=\"font-size: 12pt;\"><strong><span style=\"color: #000000;\">ZUHRI\u0106-\u0160ILJAK, Jasmina<\/span><\/strong><\/span><\/address>\n<\/td>\n<\/tr>\n<\/tbody>\n<\/table>\n","protected":false},"excerpt":{"rendered":"<p>The collection includes more than 60 writers who either by origin or with their works have the Travnik area or, as it is called today, Central Bosnian canton as their subject. AUTHORS ABDAGI\u0106, Bakir AGA\u010cEVI\u0106, Rusmir ALAUPOVI\u0106, Tugomir ALISPAHI\u0106, Alen BABI\u0106-\u0110ULVAT, Sanja BAVRKA, Vanja BAZDULJ, Muharem BAZDULJ, Salih BAZDULJ-HUBIJAR, Nura BORI\u0106, Aras \u0106ILI\u0106, \u0110ur\u0111ica \u0106UK,<\/p>\n<p><a href=\"https:\/\/muzejtravnik.ba\/en\/rodna-kuca-ive-andrica\/zavicajna-knjizevna-zbirka\/\" class=\"more-link themebutton\">Read More<\/a><\/p>\n","protected":false},"author":2,"featured_media":0,"parent":604,"menu_order":6,"comment_status":"closed","ping_status":"closed","template":"","meta":{"footnotes":""},"class_list":["post-791","page","type-page","status-publish","hentry"],"_links":{"self":[{"href":"https:\/\/muzejtravnik.ba\/en\/wp-json\/wp\/v2\/pages\/791","targetHints":{"allow":["GET"]}}],"collection":[{"href":"https:\/\/muzejtravnik.ba\/en\/wp-json\/wp\/v2\/pages"}],"about":[{"href":"https:\/\/muzejtravnik.ba\/en\/wp-json\/wp\/v2\/types\/page"}],"author":[{"embeddable":true,"href":"https:\/\/muzejtravnik.ba\/en\/wp-json\/wp\/v2\/users\/2"}],"replies":[{"embeddable":true,"href":"https:\/\/muzejtravnik.ba\/en\/wp-json\/wp\/v2\/comments?post=791"}],"version-history":[{"count":23,"href":"https:\/\/muzejtravnik.ba\/en\/wp-json\/wp\/v2\/pages\/791\/revisions"}],"predecessor-version":[{"id":2087,"href":"https:\/\/muzejtravnik.ba\/en\/wp-json\/wp\/v2\/pages\/791\/revisions\/2087"}],"up":[{"embeddable":true,"href":"https:\/\/muzejtravnik.ba\/en\/wp-json\/wp\/v2\/pages\/604"}],"wp:attachment":[{"href":"https:\/\/muzejtravnik.ba\/en\/wp-json\/wp\/v2\/media?parent=791"}],"curies":[{"name":"wp","href":"https:\/\/api.w.org\/{rel}","templated":true}]}}