{"id":1860,"date":"2015-01-20T14:57:11","date_gmt":"2015-01-20T12:57:11","guid":{"rendered":"http:\/\/muzejtravnik.ba\/en\/?page_id=1860"},"modified":"2015-02-03T11:11:21","modified_gmt":"2015-02-03T09:11:21","slug":"employers","status":"publish","type":"page","link":"https:\/\/muzejtravnik.ba\/en\/zavicajni-muzej-travnik\/info\/employers\/","title":{"rendered":"Technical information"},"content":{"rendered":"<p style=\"text-align: center;\"><a href=\"http:\/\/muzejtravnik.ba\/en\/wp-content\/uploads\/2014\/02\/joomla_logo_black1.jpg\"><img loading=\"lazy\" decoding=\"async\" class=\"aligncenter  wp-image-498\" src=\"http:\/\/muzejtravnik.ba\/en\/wp-content\/uploads\/2014\/02\/joomla_logo_black1-300x128.jpg\" alt=\"joomla_logo_black1\" width=\"169\" height=\"72\" srcset=\"https:\/\/muzejtravnik.ba\/en\/wp-content\/uploads\/2014\/02\/joomla_logo_black1-300x128.jpg 300w, https:\/\/muzejtravnik.ba\/en\/wp-content\/uploads\/2014\/02\/joomla_logo_black1.jpg 350w\" sizes=\"auto, (max-width: 169px) 100vw, 169px\" \/><\/a><\/p>\n<p style=\"text-align: center;\"><span style=\"font-size: 14pt; color: #993300;\">Regional Museum of Travnik \u00a0<\/span><\/p>\n<p style=\"text-align: center;\"><span style=\"font-size: 12pt; color: #000000;\"><span id=\"result_box\" class=\"short_text\" lang=\"en\">\u00a0<span class=\"hps\">The Municipality of Travnik deposit account<\/span><\/span>: 3380002210001221 <\/span><\/p>\n<p style=\"text-align: center;\"><span style=\"font-size: 12pt; color: #000000;\">B<span id=\"result_box\" class=\"short_text\" lang=\"en\"><span class=\"hps\">udget organization<\/span><\/span>: 1203123\u00a0 <\/span><\/p>\n<p style=\"text-align: center;\"><span style=\"font-size: 12pt; color: #000000;\">ID number<strong>: <\/strong>4236196440001<\/span><\/p>\n<p style=\"text-align: center;\"><span style=\"font-size: 12pt; color: #000000;\">Address: Mehmed-pa\u0161e Kukavice 1, 72270 Travnik<\/span><\/p>\n<p style=\"text-align: center;\"><span style=\"font-size: 12pt; color: #000000;\">Tel.\/Fax: ++ 387 30 518-140, <\/span><\/p>\n<p style=\"text-align: center;\"><span style=\"font-size: 12pt; color: #000000;\">E-mail: muzej.travnik@bih.net.ba<\/span><\/p>\n<p style=\"text-align: center;\"><span style=\"font-size: 12pt;\">\u00a0<\/span><\/p>\n<p style=\"text-align: center;\"><span style=\"font-size: 12pt;\"><span id=\"result_box\" class=\"short_text\" lang=\"en\" style=\"color: #993300;\"><span class=\"hps\">\u00a0Museum<\/span><\/span> <span style=\"color: #993300;\">personnel:<\/span><\/span><\/p>\n<p style=\"text-align: center;\"><span style=\"font-size: 12pt; color: #000000;\">Fatima <\/span><span style=\"font-size: 12pt; color: #000000;\">Masli\u0107, <span style=\"font-size: 10pt;\"><em>director<\/em><\/span><\/span><\/p>\n<p style=\"text-align: center;\"><span style=\"font-size: 12pt; color: #000000;\">Dragana <\/span><span style=\"font-size: 12pt; color: #000000;\">Baner,<em><span style=\"font-size: 10pt;\"> curator &#8211; <span id=\"result_box\" class=\"short_text\" lang=\"en\"><span class=\"hps\">biologist<\/span><\/span><br \/>\n<\/span><\/em><\/span><\/p>\n<p style=\"text-align: center;\"><span style=\"font-size: 12pt; color: #000000;\">Enes <\/span><span style=\"font-size: 12pt; color: #000000;\">\u0160krgo, <em><span style=\"font-size: 10pt;\">curator of literature <\/span><\/em><br \/>\n<\/span><\/p>\n<p style=\"text-align: center;\"><span style=\"font-size: 12pt; color: #000000;\">Ajla <\/span><span style=\"font-size: 12pt; color: #000000;\">Sejfuli ,<em><span id=\"result_box\" class=\"short_text\" lang=\"en\" style=\"font-size: 10pt;\"> curator &#8211; <span class=\"hps\">archaeologist<\/span><\/span><\/em><br \/>\n<\/span><\/p>\n<p style=\"text-align: center;\"><span style=\"color: #000000; font-size: 12pt;\">Almir <\/span><span style=\"color: #000000; font-size: 12pt;\">Halilovi\u0107, <em><span id=\"result_box\" class=\"short_text\" lang=\"en\" style=\"font-size: 10pt;\"><span class=\"hps\">documentarist<\/span><\/span><\/em><\/span><\/p>\n<p style=\"text-align: center;\"><span style=\"color: #000000; font-size: 12pt;\">Ber\u017eih <\/span><span style=\"color: #000000; font-size: 12pt;\">Ad\u017eaip, <span style=\"font-size: 10pt;\"><em><span id=\"result_box\" class=\"short_text\" lang=\"en\"><span class=\"hps\">secretary<\/span><\/span><\/em><\/span><\/span><\/p>\n<p style=\"text-align: center;\"><span style=\"color: #000000; font-size: 12pt;\">Marina <\/span><span style=\"color: #000000; font-size: 12pt;\">Bari\u0161i\u0107, <span style=\"font-size: 10pt;\"><em><span id=\"result_box\" class=\"short_text\" lang=\"en\"><span class=\"hps\">manipulator<\/span><\/span><\/em><\/span><\/span><\/p>\n<p style=\"text-align: center;\"><span style=\"color: #000000; font-size: 12pt;\">Ismet <\/span><span style=\"color: #000000; font-size: 12pt;\">Kaimovi\u0107, <em><span id=\"result_box\" class=\"short_text\" lang=\"en\" style=\"font-size: 10pt;\"><span class=\"hps\">janitor<\/span><\/span><\/em><\/span><\/p>\n<p style=\"text-align: center;\"><span style=\"color: #000000; font-size: 12pt;\">Jovanka <\/span><span style=\"color: #000000; font-size: 12pt;\">Dragi\u0107, <em><span id=\"result_box\" class=\"short_text\" lang=\"en\" style=\"font-size: 10pt;\"><span class=\"hps\">hygienist<\/span><\/span><\/em><\/span><\/p>\n","protected":false},"excerpt":{"rendered":"<p>Regional Museum of Travnik \u00a0 \u00a0The Municipality of Travnik deposit account: 3380002210001221 Budget organization: 1203123\u00a0 ID number: 4236196440001 Address: Mehmed-pa\u0161e Kukavice 1, 72270 Travnik Tel.\/Fax: ++ 387 30 518-140, E-mail: muzej.travnik@bih.net.ba \u00a0 \u00a0Museum personnel: Fatima Masli\u0107, director Dragana Baner, curator &#8211; biologist Enes \u0160krgo, curator of literature Ajla Sejfuli , curator &#8211; archaeologist Almir Halilovi\u0107,<\/p>\n<p><a href=\"https:\/\/muzejtravnik.ba\/en\/zavicajni-muzej-travnik\/info\/employers\/\" class=\"more-link themebutton\">Read More<\/a><\/p>\n","protected":false},"author":2,"featured_media":0,"parent":1925,"menu_order":2,"comment_status":"closed","ping_status":"closed","template":"","meta":{"footnotes":""},"class_list":["post-1860","page","type-page","status-publish","hentry"],"_links":{"self":[{"href":"https:\/\/muzejtravnik.ba\/en\/wp-json\/wp\/v2\/pages\/1860","targetHints":{"allow":["GET"]}}],"collection":[{"href":"https:\/\/muzejtravnik.ba\/en\/wp-json\/wp\/v2\/pages"}],"about":[{"href":"https:\/\/muzejtravnik.ba\/en\/wp-json\/wp\/v2\/types\/page"}],"author":[{"embeddable":true,"href":"https:\/\/muzejtravnik.ba\/en\/wp-json\/wp\/v2\/users\/2"}],"replies":[{"embeddable":true,"href":"https:\/\/muzejtravnik.ba\/en\/wp-json\/wp\/v2\/comments?post=1860"}],"version-history":[{"count":15,"href":"https:\/\/muzejtravnik.ba\/en\/wp-json\/wp\/v2\/pages\/1860\/revisions"}],"predecessor-version":[{"id":2088,"href":"https:\/\/muzejtravnik.ba\/en\/wp-json\/wp\/v2\/pages\/1860\/revisions\/2088"}],"up":[{"embeddable":true,"href":"https:\/\/muzejtravnik.ba\/en\/wp-json\/wp\/v2\/pages\/1925"}],"wp:attachment":[{"href":"https:\/\/muzejtravnik.ba\/en\/wp-json\/wp\/v2\/media?parent=1860"}],"curies":[{"name":"wp","href":"https:\/\/api.w.org\/{rel}","templated":true}]}}