{"id":1235,"date":"2014-10-20T10:24:26","date_gmt":"2014-10-20T08:24:26","guid":{"rendered":"http:\/\/muzejtravnik.ba\/en\/?page_id=1235"},"modified":"2022-01-31T14:10:19","modified_gmt":"2022-01-31T12:10:19","slug":"turisticka-tura","status":"publish","type":"page","link":"https:\/\/muzejtravnik.ba\/en\/rodna-kuca-ive-andrica\/turisticka-tura\/","title":{"rendered":"&#8220;Travnik Chronicle\u201d Tourist Tour"},"content":{"rendered":"<p><img loading=\"lazy\" decoding=\"async\" class=\"wp-image-1494 aligncenter\" src=\"http:\/\/muzejtravnik.ba\/en\/wp-content\/uploads\/2014\/10\/DSC_0089.jpg\" alt=\"DSC_0089\" width=\"445\" height=\"294\" srcset=\"https:\/\/muzejtravnik.ba\/en\/wp-content\/uploads\/2014\/10\/DSC_0089.jpg 1000w, https:\/\/muzejtravnik.ba\/en\/wp-content\/uploads\/2014\/10\/DSC_0089-300x198.jpg 300w, https:\/\/muzejtravnik.ba\/en\/wp-content\/uploads\/2014\/10\/DSC_0089-240x160.jpg 240w\" sizes=\"auto, (max-width: 445px) 100vw, 445px\" \/> <a href=\"http:\/\/muzejtravnik.ba\/en\/wp-content\/uploads\/2014\/10\/DSC_0065.jpg\"><img loading=\"lazy\" decoding=\"async\" class=\"wp-image-1495 aligncenter\" src=\"http:\/\/muzejtravnik.ba\/en\/wp-content\/uploads\/2014\/10\/DSC_0065.jpg\" alt=\"DSC_0065\" width=\"444\" height=\"293\" srcset=\"https:\/\/muzejtravnik.ba\/en\/wp-content\/uploads\/2014\/10\/DSC_0065.jpg 1000w, https:\/\/muzejtravnik.ba\/en\/wp-content\/uploads\/2014\/10\/DSC_0065-300x198.jpg 300w\" sizes=\"auto, (max-width: 444px) 100vw, 444px\" \/><\/a><\/p>\n<p style=\"text-align: center;\"><span style=\"color: #993300; font-size: 12pt;\"><strong>Following the novel by the Nobel laureate Ivo Andri\u0107<\/strong><\/span><\/p>\n<p><span style=\"font-size: 12pt; color: #000000;\">Short description:<\/span><\/p>\n<p><span style=\"font-size: 12pt; color: #000000;\">The tour consists of visits to the sites, cultural and historical monuments as well as the places where the novel &#8220;Travnik Chronicle&#8221; (\u201cBosnian Chronicle\u201d &#8211; \u201cThe Days of the Consuls\u201d &#8211; \u201cBosnian Story&#8221;) takes place, the novel that, among other literary works, brought the Nobel Prize in Literature to Ivo Andri\u0107 in 1961.<\/span><\/p>\n<p><span style=\"font-size: 12pt; color: #000000;\">Museum curator talks about literary and historical aspect of the novel while an actor dressed up in Ottoman costume representing one of the unnamed characters from &#8220;Travnik Chronicle&#8221; interprets fragments of the novel at the authentic locations.<\/span><\/p>\n<p><span style=\"font-size: 12pt; color: #000000;\">&#8220;Travnik Chronicle&#8221; tour offers a unique way of understanding one of the most beautiful European novels.<\/span><\/p>\n<p><span style=\"font-size: 12pt; color: #000000;\">Tour leaders:<\/span><\/p>\n<p><span style=\"font-size: 12pt; color: #000000;\">Enes \u0160krgo, curator of the Memorial Museum of Ivo Andric<\/span><\/p>\n<p><span style=\"font-size: 12pt; color: #000000;\">Matej Ba\u0161karad, an actor from Travnik.<\/span><\/p>\n<p><span style=\"font-size: 12pt; color: #000000;\">Sites: \u0160ume\u0107e &#8211; Medieval fortress \u201cOld Town\u201d &#8211; Birth place of Ivo Andric &#8211; Hafizadi\u0107 house &#8211; &#8220;Konak&#8221; &#8211; Regional Museum &#8211; \u0160ume\u0107e<\/span><\/p>\n<p><span style=\"font-size: 12pt; color: #000000;\">Duration: 3 hours<\/span><\/p>\n<p><span style=\"font-size: 12pt; color: #000000;\">The tour is available by prior appointment with the Museum information center.<\/span><\/p>\n<p><span style=\"color: #000000; font-size: 12pt;\"><strong>Tour price: 350.00 KM<\/strong><\/span><\/p>\n<p><span style=\"font-size: 12pt; color: #000000;\"><a style=\"color: #000000;\" href=\"\/images\/stories\/download\/turisticka_tura\/index.html\"><img loading=\"lazy\" decoding=\"async\" class=\"aligncenter wp-image-1501 size-full\" title=\"images\/stories\/download\/turisticka_tura\/index.html\" src=\"http:\/\/muzejtravnik.ba\/en\/wp-content\/uploads\/2014\/10\/Tura.png\" alt=\"\" width=\"283\" height=\"375\" srcset=\"https:\/\/muzejtravnik.ba\/en\/wp-content\/uploads\/2014\/10\/Tura.png 283w, https:\/\/muzejtravnik.ba\/en\/wp-content\/uploads\/2014\/10\/Tura-226x300.png 226w\" sizes=\"auto, (max-width: 283px) 100vw, 283px\" \/><\/a><\/span><\/p>\n","protected":false},"excerpt":{"rendered":"<p>Following the novel by the Nobel laureate Ivo Andri\u0107 Short description: The tour consists of visits to the sites, cultural and historical monuments as well as the places where the novel &#8220;Travnik Chronicle&#8221; (\u201cBosnian Chronicle\u201d &#8211; \u201cThe Days of the Consuls\u201d &#8211; \u201cBosnian Story&#8221;) takes place, the novel that, among other literary works, brought the<\/p>\n<p><a href=\"https:\/\/muzejtravnik.ba\/en\/rodna-kuca-ive-andrica\/turisticka-tura\/\" class=\"more-link themebutton\">Read More<\/a><\/p>\n","protected":false},"author":2,"featured_media":0,"parent":604,"menu_order":6,"comment_status":"closed","ping_status":"closed","template":"","meta":{"footnotes":""},"class_list":["post-1235","page","type-page","status-publish","hentry"],"_links":{"self":[{"href":"https:\/\/muzejtravnik.ba\/en\/wp-json\/wp\/v2\/pages\/1235","targetHints":{"allow":["GET"]}}],"collection":[{"href":"https:\/\/muzejtravnik.ba\/en\/wp-json\/wp\/v2\/pages"}],"about":[{"href":"https:\/\/muzejtravnik.ba\/en\/wp-json\/wp\/v2\/types\/page"}],"author":[{"embeddable":true,"href":"https:\/\/muzejtravnik.ba\/en\/wp-json\/wp\/v2\/users\/2"}],"replies":[{"embeddable":true,"href":"https:\/\/muzejtravnik.ba\/en\/wp-json\/wp\/v2\/comments?post=1235"}],"version-history":[{"count":23,"href":"https:\/\/muzejtravnik.ba\/en\/wp-json\/wp\/v2\/pages\/1235\/revisions"}],"predecessor-version":[{"id":2126,"href":"https:\/\/muzejtravnik.ba\/en\/wp-json\/wp\/v2\/pages\/1235\/revisions\/2126"}],"up":[{"embeddable":true,"href":"https:\/\/muzejtravnik.ba\/en\/wp-json\/wp\/v2\/pages\/604"}],"wp:attachment":[{"href":"https:\/\/muzejtravnik.ba\/en\/wp-json\/wp\/v2\/media?parent=1235"}],"curies":[{"name":"wp","href":"https:\/\/api.w.org\/{rel}","templated":true}]}}